{"id":7,"date":"2022-04-28T11:23:13","date_gmt":"2022-04-28T09:23:13","guid":{"rendered":"http:\/\/weather.gemmae.pl\/?page_id=7"},"modified":"2022-07-10T21:11:15","modified_gmt":"2022-07-10T19:11:15","slug":"strona-glowna","status":"publish","type":"page","link":"https:\/\/weather.k3e.pl\/","title":{"rendered":"Strona G\u0142\u00f3wna"},"content":{"rendered":"<div class=\"cover-container d-flex w-100 h-100 p-3 mx-auto flex-column\">\n    <header class=\"mb-auto\">\n        <div>\n            <a href=\"https:\/\/weather.k3e.pl\" id=\"main-logo\" ><h3 class=\"float-md-start mb-0\">Czytnik stacji pogodowych<\/h3><\/a>\n                                    <nav class=\"nav nav-masthead justify-content-center float-md-end\">\n                                     \n                        <a class=\"nav-link active\" id=\"tab-informacja-tab\" data-bs-toggle=\"tab\" data-bs-target=\"#tab-informacja\" role=\"tab\" aria-controls=\"tab-informacja\" aria-selected=\"true\">Informacja<\/a>\n                                                                        <\/nav>\n        <\/div>\n    <\/header>\n\n    <main class=\"px-3\">\n        <div class=\"tab-content\" id=\"TabsContent\">\n                             \n                    <div class=\"tab-pane fade show active\" id=\"tab-informacja\" role=\"tabpanel\" aria-labelledby=\"informacja-tab\">\n                        <h1>Informacja<\/h1>\n                        <p class=\"lead\">\n                              Poni\u017csza strona jest zewn\u0119trznym elementem systemu zbieraj\u0105cego dane pogodowe. Na ten moment dane nie s\u0105 udost\u0119pniane.                         <\/p>\n                    <\/div>\n                                                \n        <\/div>\n\n    <\/main>\n\n    <footer class=\"mt-auto text-white-50\">\n        <p>Wspierane przez <a href=\"https:\/\/k3e.pl\/\" class=\"text-white\">K3e.pl<\/a><\/p>\n    <\/footer>\n<\/div>\n","protected":false},"excerpt":{"rendered":"","protected":false},"author":1,"featured_media":0,"parent":0,"menu_order":0,"comment_status":"closed","ping_status":"closed","template":"\/home\/u521951204\/domains\/k3e.pl\/public_html\/weather\/wp-content\/plugins\/K3e-Plugin\/system\/placeholders\/themes\/..\/themes\/_templates\/page-placeholder.php","meta":{"footnotes":""},"class_list":["post-7","page","type-page","status-publish","hentry"],"_links":{"self":[{"href":"https:\/\/weather.k3e.pl\/index.php\/wp-json\/wp\/v2\/pages\/7","targetHints":{"allow":["GET"]}}],"collection":[{"href":"https:\/\/weather.k3e.pl\/index.php\/wp-json\/wp\/v2\/pages"}],"about":[{"href":"https:\/\/weather.k3e.pl\/index.php\/wp-json\/wp\/v2\/types\/page"}],"author":[{"embeddable":true,"href":"https:\/\/weather.k3e.pl\/index.php\/wp-json\/wp\/v2\/users\/1"}],"replies":[{"embeddable":true,"href":"https:\/\/weather.k3e.pl\/index.php\/wp-json\/wp\/v2\/comments?post=7"}],"version-history":[{"count":0,"href":"https:\/\/weather.k3e.pl\/index.php\/wp-json\/wp\/v2\/pages\/7\/revisions"}],"wp:attachment":[{"href":"https:\/\/weather.k3e.pl\/index.php\/wp-json\/wp\/v2\/media?parent=7"}],"curies":[{"name":"wp","href":"https:\/\/api.w.org\/{rel}","templated":true}]}}